{"id":37,"date":"2025-02-06T09:31:52","date_gmt":"2025-02-06T09:31:52","guid":{"rendered":"https:\/\/garage-weynand.be\/coordonnees\/"},"modified":"2025-02-06T09:31:52","modified_gmt":"2025-02-06T09:31:52","slug":"coordonnees","status":"publish","type":"page","link":"https:\/\/garage-weynand.be\/ro\/coordonnees\/","title":{"rendered":"Date de contact"},"content":{"rendered":"<p>Ave\u021bi \u00eentreb\u0103ri sau sugestii cu privire la produsele \u0219i articolele noastre? Suntem aici pentru a v\u0103 ajuta. V\u0103 rug\u0103m s\u0103 ne contacta\u021bi pentru orice informa\u021bii suplimentare sau solicit\u0103ri speciale. Echipa noastr\u0103 v\u0103 va r\u0103spunde cu pl\u0103cere c\u00e2t mai cur\u00e2nd posibil.<\/p>\n<h2>Formular de contact<\/h2>\n<p>Pentru orice \u00eentreb\u0103ri sau sugestii, v\u0103 rug\u0103m s\u0103 completa\u021bi formularul de mai jos. V\u0103 vom r\u0103spunde c\u00e2t mai cur\u00e2nd posibil.<\/p>\n<form action=\"\/ro\/submit_form.php\/\" method=\"POST\" data-trp-original-action=\"submit_form.php\">\n      <label for=\"name\">Nume:<\/label><br \/>\n      <input type=\"text\" id=\"name\" name=\"name\" required><\/p>\n<p>      <label for=\"email\">E-mail:<\/label><br \/>\n      <input type=\"email\" id=\"email\" name=\"email\" required><\/p>\n<p>      <label for=\"message\">Mesaj:<\/label><br \/>\n      <textarea id=\"message\" name=\"message\" rows=\"4\" required><\/textarea><\/p>\n<p>      <button type=\"submit\">Trimite<\/button><br \/>\n    <input type=\"hidden\" name=\"trp-form-language\" value=\"ro\"\/><\/form>\n<p>V\u0103 mul\u021bumim c\u0103 ne-a\u021bi contactat! Vom procesa mesajul dumneavoastr\u0103 c\u00e2t mai cur\u00e2nd posibil.<\/p>","protected":false},"excerpt":{"rendered":"<p>Ave\u021bi \u00eentreb\u0103ri sau sugestii cu privire la produsele \u0219i articolele noastre? Suntem aici pentru a v\u0103 ajuta. Nu ezita\u021bi s\u0103 ne contacta\u021bi pentru orice informa\u021bii suplimentare sau solicit\u0103ri speciale. Echipa noastr\u0103 v\u0103 va r\u0103spunde cu pl\u0103cere c\u00e2t mai cur\u00e2nd posibil. Formular de contact Pentru orice \u00eentreb\u0103ri...<\/p>","protected":false},"author":1,"featured_media":0,"parent":0,"menu_order":0,"comment_status":"closed","ping_status":"closed","template":"","meta":{"_acf_changed":false,"footnotes":""},"class_list":["post-37","page","type-page","status-publish","hentry"],"acf":[],"yoast_head":"<!-- This site is optimized with the Yoast SEO plugin v23.2 - https:\/\/yoast.com\/wordpress\/plugins\/seo\/ -->\n<title>Coordonn\u00e9es - garage-weynand.be<\/title>\n<meta name=\"description\" content=\"Contactez Garage Weynand pour toutes vos questions ou suggestions sur nos articles et produits de mode. Nous vous r\u00e9pondrons dans les plus brefs d\u00e9lais.\" \/>\n<meta name=\"robots\" content=\"index, follow, max-snippet:-1, max-image-preview:large, max-video-preview:-1\" \/>\n<link rel=\"canonical\" href=\"https:\/\/garage-weynand.be\/ro\/coordonnees\/\" \/>\n<meta property=\"og:locale\" content=\"ro_RO\" \/>\n<meta property=\"og:type\" content=\"article\" \/>\n<meta property=\"og:title\" content=\"Coordonn\u00e9es - garage-weynand.be\" \/>\n<meta property=\"og:description\" content=\"Contactez Garage Weynand pour toutes vos questions ou suggestions sur nos articles et produits de mode. Nous vous r\u00e9pondrons dans les plus brefs d\u00e9lais.\" \/>\n<meta property=\"og:url\" content=\"https:\/\/garage-weynand.be\/ro\/coordonnees\/\" \/>\n<meta property=\"og:site_name\" content=\"garage-weynand.be\" \/>\n<meta name=\"twitter:card\" content=\"summary_large_image\" \/>\n<script type=\"application\/ld+json\" class=\"yoast-schema-graph\">{\"@context\":\"https:\/\/schema.org\",\"@graph\":[{\"@type\":\"WebPage\",\"@id\":\"https:\/\/garage-weynand.be\/coordonnees\/\",\"url\":\"https:\/\/garage-weynand.be\/coordonnees\/\",\"name\":\"Coordonn\u00e9es - garage-weynand.be\",\"isPartOf\":{\"@id\":\"https:\/\/garage-weynand.be\/#website\"},\"datePublished\":\"2025-02-06T09:31:52+00:00\",\"dateModified\":\"2025-02-06T09:31:52+00:00\",\"description\":\"Contactez Garage Weynand pour toutes vos questions ou suggestions sur nos articles et produits de mode. Nous vous r\u00e9pondrons dans les plus brefs d\u00e9lais.\",\"breadcrumb\":{\"@id\":\"https:\/\/garage-weynand.be\/coordonnees\/#breadcrumb\"},\"inLanguage\":\"ro-RO\",\"potentialAction\":[{\"@type\":\"ReadAction\",\"target\":[\"https:\/\/garage-weynand.be\/coordonnees\/\"]}]},{\"@type\":\"BreadcrumbList\",\"@id\":\"https:\/\/garage-weynand.be\/coordonnees\/#breadcrumb\",\"itemListElement\":[{\"@type\":\"ListItem\",\"position\":1,\"name\":\"Home\",\"item\":\"https:\/\/garage-weynand.be\/\"},{\"@type\":\"ListItem\",\"position\":2,\"name\":\"Coordonn\u00e9es\"}]},{\"@type\":\"WebSite\",\"@id\":\"https:\/\/garage-weynand.be\/#website\",\"url\":\"https:\/\/garage-weynand.be\/\",\"name\":\"garage-weynand.be\",\"description\":\"Soyez Tendance au Quotidien | Apprenez \u00e0 cr\u00e9er des tenues modernes et \u00e9l\u00e9gantes\",\"potentialAction\":[{\"@type\":\"SearchAction\",\"target\":{\"@type\":\"EntryPoint\",\"urlTemplate\":\"https:\/\/garage-weynand.be\/?s={search_term_string}\"},\"query-input\":\"required name=search_term_string\"}],\"inLanguage\":\"ro-RO\"}]}<\/script>\n<!-- \/ Yoast SEO plugin. -->","yoast_head_json":{"title":"Coordonn\u00e9es - garage-weynand.be","description":"Contactez Garage Weynand pour toutes vos questions ou suggestions sur nos articles et produits de mode. Nous vous r\u00e9pondrons dans les plus brefs d\u00e9lais.","robots":{"index":"index","follow":"follow","max-snippet":"max-snippet:-1","max-image-preview":"max-image-preview:large","max-video-preview":"max-video-preview:-1"},"canonical":"https:\/\/garage-weynand.be\/ro\/coordonnees\/","og_locale":"ro_RO","og_type":"article","og_title":"Coordonn\u00e9es - garage-weynand.be","og_description":"Contactez Garage Weynand pour toutes vos questions ou suggestions sur nos articles et produits de mode. Nous vous r\u00e9pondrons dans les plus brefs d\u00e9lais.","og_url":"https:\/\/garage-weynand.be\/ro\/coordonnees\/","og_site_name":"garage-weynand.be","twitter_card":"summary_large_image","schema":{"@context":"https:\/\/schema.org","@graph":[{"@type":"WebPage","@id":"https:\/\/garage-weynand.be\/coordonnees\/","url":"https:\/\/garage-weynand.be\/coordonnees\/","name":"Coordonn\u00e9es - garage-weynand.be","isPartOf":{"@id":"https:\/\/garage-weynand.be\/#website"},"datePublished":"2025-02-06T09:31:52+00:00","dateModified":"2025-02-06T09:31:52+00:00","description":"Contactez Garage Weynand pour toutes vos questions ou suggestions sur nos articles et produits de mode. Nous vous r\u00e9pondrons dans les plus brefs d\u00e9lais.","breadcrumb":{"@id":"https:\/\/garage-weynand.be\/coordonnees\/#breadcrumb"},"inLanguage":"ro-RO","potentialAction":[{"@type":"ReadAction","target":["https:\/\/garage-weynand.be\/coordonnees\/"]}]},{"@type":"BreadcrumbList","@id":"https:\/\/garage-weynand.be\/coordonnees\/#breadcrumb","itemListElement":[{"@type":"ListItem","position":1,"name":"Home","item":"https:\/\/garage-weynand.be\/"},{"@type":"ListItem","position":2,"name":"Coordonn\u00e9es"}]},{"@type":"WebSite","@id":"https:\/\/garage-weynand.be\/#website","url":"https:\/\/garage-weynand.be\/","name":"garage-weynand.be","description":"Soyez Tendance au Quotidien | Apprenez \u00e0 cr\u00e9er des tenues modernes et \u00e9l\u00e9gantes","potentialAction":[{"@type":"SearchAction","target":{"@type":"EntryPoint","urlTemplate":"https:\/\/garage-weynand.be\/?s={search_term_string}"},"query-input":"required name=search_term_string"}],"inLanguage":"ro-RO"}]}},"yoast_meta":{"yoast_wpseo_title":"","yoast_wpseo_metadesc":"","yoast_wpseo_canonical":"https:\/\/garage-weynand.be\/ro\/wp-json\/wp\/v2\/pages\/37"},"_links":{"self":[{"href":"https:\/\/garage-weynand.be\/ro\/wp-json\/wp\/v2\/pages\/37","targetHints":{"allow":["GET"]}}],"collection":[{"href":"https:\/\/garage-weynand.be\/ro\/wp-json\/wp\/v2\/pages"}],"about":[{"href":"https:\/\/garage-weynand.be\/ro\/wp-json\/wp\/v2\/types\/page"}],"author":[{"embeddable":true,"href":"https:\/\/garage-weynand.be\/ro\/wp-json\/wp\/v2\/users\/1"}],"replies":[{"embeddable":true,"href":"https:\/\/garage-weynand.be\/ro\/wp-json\/wp\/v2\/comments?post=37"}],"version-history":[{"count":0,"href":"https:\/\/garage-weynand.be\/ro\/wp-json\/wp\/v2\/pages\/37\/revisions"}],"wp:attachment":[{"href":"https:\/\/garage-weynand.be\/ro\/wp-json\/wp\/v2\/media?parent=37"}],"curies":[{"name":"wp","href":"https:\/\/api.w.org\/{rel}","templated":true}]}}